{"id":5,"date":"2023-10-13T17:19:32","date_gmt":"2023-10-13T15:19:32","guid":{"rendered":"https:\/\/julie-charpentier-podologue.fr\/index.php\/one-page-express\/"},"modified":"2024-02-15T19:36:24","modified_gmt":"2024-02-15T18:36:24","slug":"one-page-express","status":"publish","type":"page","link":"https:\/\/julie-charpentier-podologue.fr\/","title":{"rendered":"Informations"},"content":{"rendered":"<div  id=\"overlapable-3\" class=\"features-image-cards-section stripped-features-image-cards-section\" style=\"background-color: #ffffff;\" data-label=\"Overlapable\" data-id=\"stripped-features-image-cards-section\" data-category=\"overlapable\" data-=\"\" data-overlap=\"true\">\n<div  class=\"gridContainer\">\n<div  class=\"features-image-cards-innerrow flexbox-list\" data-type=\"row\">\n<div  class=\"features-image-cards-cardcol cp6cols-tablet cp6cols\">\n<div  class=\"features-image-cards-cardrow\"><img  decoding=\"async\" class=\"features-image-cards-featimg\" src=\"https:\/\/julie-charpentier-podologue.fr\/wp-content\/uploads\/2024\/02\/podologie-du-sport-655x437-1.jpeg\" alt=\"\">\n<div  class=\"features-image-cards-cardtextrow\" data-type=\"column\">\n<h4  class=\"\">Semelle orthop\u00e9dique (135\u20ac \u00e0 155\u20ac)<\/h4>\n<p  class=\"\">Fabrication de paire de semelles orthop\u00e9diques thermoform\u00e9es, pour enfants et adultes<\/p>\nApr\u00e8s votre premier rendez-vous d\u2019\u00e9tude de votre posture et de la correction orthop\u00e9dique n\u00e9cessaire, Julie fabriquera votre paire de semelles sous quelques jours et vous proposera un 2\u00e8me rendez-vous la semaine suivante. Un 3\u00e8me rendez-vous sera n\u00e9cessaire pour contr\u00f4ler et effectuer les corrections si n\u00e9cessaires.\n\nCes rendez-vous sont compris dans la vente de la paire de semelle, dans le cabinet de Julie Charpentier.\n\n\u200bTemps de RDV : 45min\nLieu des RDV : au cabinet\n\n<hr  class=\"features-image-cards-separator\">\n\n<\/div>\n<\/div>\n<\/div>\n<div  class=\"features-image-cards-cardcol cp6cols-tablet cp6cols\">\n<div  class=\"features-image-cards-cardrow\"><img  decoding=\"async\" class=\"features-image-cards-featimg\" src=\"https:\/\/julie-charpentier-podologue.fr\/wp-content\/uploads\/2024\/02\/istockphoto-1143128456-612x612-1.jpg\" alt=\"\">\n<div  class=\"features-image-cards-cardtextrow\" data-type=\"column\">\n<h4  class=\"\">Soin p\u00e9dicure (40\u20ac)<\/h4>\n<p  class=\"\">Toujours avec douceur, Julie soigne ongle incarn\u00e9, cor, \u0153il de perdrix, durillon, crevasse et callosit\u00e9s. Rendre le confort \u00e0 vos pieds est une priorit\u00e9.<\/p>\nTemps de RDV : 30min +-15min\nLieu du RDV : Au cabinet\n\n<hr  class=\"features-image-cards-separator\">\n\n<h4  class=\"\">Soin p\u00e9dicure \u00e0 domicile (46\u20ac)<\/h4>\n<div  class=\"\">Toujours avec douceur, Julie soigne \u00e0 votre domicile (Reims et vignoble) ongle incarn\u00e9, cor, \u0153il de perdrix, durillon, crevasse et callosit\u00e9s.<\/div>\n<div  class=\"\"><\/div>\n<div  class=\"\">Rendre le confort \u00e0 vos pieds est une priorit\u00e9<\/div>\n<div  class=\"\"><\/div>\n<div  class=\"\">Temps de RDV : 30min +-15min<\/div>\n<div  class=\"\">Lieu du RDV : \u00e0 domicile (Reims et vignoble)<\/div>\n<\/div>\n<\/div>\n<\/div>\n<div  class=\"features-image-cards-cardcol cp6cols-tablet cp6cols\">\n<div  class=\"features-image-cards-cardrow\">\n<div  class=\"features-image-cards-cardtextrow\" data-type=\"column\">\n<h4  class=\"\">Bilan podologique (40\u20ac)<\/h4>\n<p  class=\"\">Temps de RDV : 30min +-15min\nLieu des RDV : au cabinet<\/p>\n\n\n<hr  class=\"features-image-cards-separator\">\n\n<\/div>\n<\/div>\n<\/div>\n<div  class=\"features-image-cards-cardcol cp6cols-tablet cp6cols\">\n<div  class=\"features-image-cards-cardrow\">\n<div  class=\"features-image-cards-cardtextrow\" data-type=\"column\">\n<h4  class=\"\">Soin pour diab\u00e9tique sur ordonnance (27\u20ac)<\/h4>\n<p  class=\"\">Temps de RDV : 30min +-15min\nLieu des RDV : au cabinet<\/p>\n\n\n<hr  class=\"features-image-cards-separator\">\n\n<\/div>\n<\/div>\n<\/div>\n<\/div>\n<\/div>\n<\/div>","protected":false},"excerpt":{"rendered":"<p>Semelle orthop\u00e9dique (135\u20ac \u00e0 155\u20ac) Fabrication de paire de semelles orthop\u00e9diques thermoform\u00e9es, pour enfants et adultes Apr\u00e8s votre premier rendez-vous d\u2019\u00e9tude de votre posture et de la correction orthop\u00e9dique n\u00e9cessaire, Julie fabriquera votre paire de semelles sous quelques jours et vous proposera un 2\u00e8me rendez-vous la semaine suivante. Un 3\u00e8me rendez-vous sera n\u00e9cessaire pour contr\u00f4ler&hellip; <br \/> <a class=\"button small blue\" href=\"https:\/\/julie-charpentier-podologue.fr\/index.php\/2023\/10\/12\/bonjour-tout-le-monde\/\">Lire la suite<\/a><\/p>\n","protected":false},"author":1,"featured_media":0,"parent":0,"menu_order":0,"comment_status":"closed","ping_status":"closed","template":"","meta":{"footnotes":""},"class_list":["post-5","page","type-page","status-publish","hentry"],"_links":{"self":[{"href":"https:\/\/julie-charpentier-podologue.fr\/index.php\/wp-json\/wp\/v2\/pages\/5","targetHints":{"allow":["GET"]}}],"collection":[{"href":"https:\/\/julie-charpentier-podologue.fr\/index.php\/wp-json\/wp\/v2\/pages"}],"about":[{"href":"https:\/\/julie-charpentier-podologue.fr\/index.php\/wp-json\/wp\/v2\/types\/page"}],"author":[{"embeddable":true,"href":"https:\/\/julie-charpentier-podologue.fr\/index.php\/wp-json\/wp\/v2\/users\/1"}],"replies":[{"embeddable":true,"href":"https:\/\/julie-charpentier-podologue.fr\/index.php\/wp-json\/wp\/v2\/comments?post=5"}],"version-history":[{"count":7,"href":"https:\/\/julie-charpentier-podologue.fr\/index.php\/wp-json\/wp\/v2\/pages\/5\/revisions"}],"predecessor-version":[{"id":32,"href":"https:\/\/julie-charpentier-podologue.fr\/index.php\/wp-json\/wp\/v2\/pages\/5\/revisions\/32"}],"wp:attachment":[{"href":"https:\/\/julie-charpentier-podologue.fr\/index.php\/wp-json\/wp\/v2\/media?parent=5"}],"curies":[{"name":"wp","href":"https:\/\/api.w.org\/{rel}","templated":true}]}}